{"id":25405,"date":"2020-09-16T05:09:25","date_gmt":"2020-09-16T05:09:25","guid":{"rendered":"http:\/\/veterinaire7chemins.fr\/?page_id=25405"},"modified":"2023-08-07T09:31:09","modified_gmt":"2023-08-07T09:31:09","slug":"contact","status":"publish","type":"page","link":"http:\/\/veterinaire7chemins.fr\/?page_id=25405","title":{"rendered":"Vous souhaitez nous contacter?"},"content":{"rendered":"\n<div class=\"wp-block-group alignfull has-background\" style=\"background-color:#fafafa\"><div class=\"wp-block-group__inner-container is-layout-flow wp-block-group-is-layout-flow\">\n<p>Vous pouvez nous contacter par t\u00e9l\u00e9phone au<strong> 04.78.82.56.79<\/strong> ou \u00e9ventuellement par mail <strong>veterinaire7chemins@gmail.com<\/strong> pour nous donner des nouvelles de vos animaux ou des informations (animal perdu, trouv\u00e9&#8230;).<\/p>\n\n\n\n<p>ATTENTION : aucun devis ne sera r\u00e9alis\u00e9 par mail. <\/p>\n<\/div><\/div>\n\n\n\n<div class=\"wp-block-group alignfull has-white-background-color has-background\"><div class=\"wp-block-group__inner-container is-layout-flow wp-block-group-is-layout-flow\">\n<h2 class=\"wp-block-heading has-text-align-center\">Questions Fr\u00e9quentes <\/h2>\n\n\n\n<p><\/p>\n\n\n\n<div class=\"wp-block-columns is-layout-flex wp-container-core-columns-is-layout-28f84493 wp-block-columns-is-layout-flex\">\n<div class=\"wp-block-column is-layout-flow wp-block-column-is-layout-flow\">\n<div class=\"wp-block-group has-background\" style=\"background:linear-gradient(-135deg,rgb(255,255,255) 0%,rgb(250,250,250) 100%)\"><div class=\"wp-block-group__inner-container is-layout-flow wp-block-group-is-layout-flow\">\n<h4 class=\"wp-block-heading\">Pourquoi ne pouvons nous pas prendre rendez-vous par mail?<\/h4>\n\n\n\n<p>Le planning \u00e9voluant minute par minute, il nous est impossible de planifier un rendez-vous par mail ou de r\u00e9server un cr\u00e9neau en attendant votre retour. Nous disposons d&rsquo;une plateforme de rendez-vous en lien direct avec notre planning qui vous permettra de choisir votre rendez-vous selon vos disponibilit\u00e9s. De plus, nous recevons en sans rendez-vous du lundi au vendredi de 8h \u00e0 9h30 et le samedi de 13h30 \u00e0 15h.<\/p>\n\n\n\n<p><\/p>\n<\/div><\/div>\n\n\n\n<p><\/p>\n\n\n\n<div class=\"wp-block-group has-background\" style=\"background:linear-gradient(-135deg,rgb(255,255,255) 0%,rgb(250,250,250) 100%)\"><div class=\"wp-block-group__inner-container is-layout-flow wp-block-group-is-layout-flow\">\n<h4 class=\"wp-block-heading\">Pourquoi ne faites vous pas de devis par mail?<\/h4>\n\n\n\n<p>Afin de vous proposer un service de meilleur qualit\u00e9 et personnalis\u00e9, nous pr\u00e9f\u00e9rons avoir toutes les informations concernant votre animal pour vous faire un devis le plus juste, c&rsquo;est pour cela que nous vous demandons de nous contacter par t\u00e9l\u00e9phone. <\/p>\n<\/div><\/div>\n\n\n\n<p><\/p>\n\n\n\n<div class=\"wp-block-group has-background\" style=\"background:linear-gradient(-135deg,rgb(255,255,255) 0%,rgb(250,250,250) 100%)\"><div class=\"wp-block-group__inner-container is-layout-flow wp-block-group-is-layout-flow\">\n<h4 class=\"wp-block-heading\">Acceptez-vous les nouveaux patients?<\/h4>\n\n\n\n<p>Oui, nous acceptons les nouveaux patients avec plaisir et m\u00eame le sourire \ud83d\ude42<\/p>\n<\/div><\/div>\n<\/div>\n\n\n\n<div class=\"wp-block-column is-layout-flow wp-block-column-is-layout-flow\">\n<div class=\"wp-block-group has-background\" style=\"background:linear-gradient(-135deg,rgb(255,255,255) 0%,rgb(250,250,250) 100%)\"><div class=\"wp-block-group__inner-container is-layout-flow wp-block-group-is-layout-flow\">\n<h4 class=\"wp-block-heading\">En cas d&rsquo;urgence?<\/h4>\n\n\n\n<p>En cas d&rsquo;urgence pendant les horaires d&rsquo;ouverture, nous vous demanderons juste de nous pr\u00e9venir de votre arriv\u00e9e, afin que nous puissions nous organiser au mieux pour prendre en charge votre animal. <\/p>\n\n\n\n<p>En cas de fermeture de la clinique, nous vous orientons via notre ligne t\u00e9l\u00e9phonique vers un service d&rsquo;urgence sp\u00e9cifique. <\/p>\n<\/div><\/div>\n\n\n\n<p><\/p>\n\n\n\n<div class=\"wp-block-group has-background\" style=\"background:linear-gradient(-135deg,rgb(255,255,255) 0%,rgb(250,250,250) 100%)\"><div class=\"wp-block-group__inner-container is-layout-flow wp-block-group-is-layout-flow\">\n<h4 class=\"wp-block-heading\">Mon animal n&rsquo;aime pas les v\u00e9t\u00e9rinaires, pouvez-vous le recevoir?<\/h4>\n\n\n\n<p>Oui, nous comprenons que selon le passif ou les exp\u00e9riences des animaux, parfois la visite chez le v\u00e9t\u00e9rinaire peut \u00eatre source de stress ou d&rsquo;agressivit\u00e9, ce qui angoisse aussi les propri\u00e9taires\u2026<\/p>\n\n\n\n<p>Nous vous demanderons juste de nous avertir que votre animal est difficile (et dans le cas d&rsquo;un chien, de lui mettre une museli\u00e8re par avance). Nous disposons de diff\u00e9rents moyens pour r\u00e9ussir \u00e0 examiner votre animal, selon leur seuil de tol\u00e9rance et nous vous proposerons la solution la plus adapt\u00e9e avec votre accord. <\/p>\n<\/div><\/div>\n\n\n\n<p><\/p>\n<\/div>\n<\/div>\n<\/div><\/div>\n","protected":false},"excerpt":{"rendered":"<p>Vous pouvez nous contacter par t\u00e9l\u00e9phone au 04.78.82.56.79 ou \u00e9ventuellement par mail veterinaire7chemins@gmail.com pour nous donner des nouvelles de vos animaux ou des informations (animal perdu, trouv\u00e9&#8230;). ATTENTION : aucun devis ne sera r\u00e9alis\u00e9 par mail. Questions Fr\u00e9quentes Pourquoi ne pouvons nous pas prendre rendez-vous par mail? Le planning \u00e9voluant minute par minute, il nous [&hellip;]<\/p>\n","protected":false},"author":1,"featured_media":0,"parent":0,"menu_order":0,"comment_status":"closed","ping_status":"closed","template":"","meta":{"om_disable_all_campaigns":false,"_monsterinsights_skip_tracking":false,"_monsterinsights_sitenote_active":false,"_monsterinsights_sitenote_note":"","_monsterinsights_sitenote_category":0,"footnotes":""},"class_list":["post-25405","page","type-page","status-publish","hentry"],"aioseo_notices":[],"jetpack_sharing_enabled":true,"_links":{"self":[{"href":"http:\/\/veterinaire7chemins.fr\/index.php?rest_route=\/wp\/v2\/pages\/25405","targetHints":{"allow":["GET"]}}],"collection":[{"href":"http:\/\/veterinaire7chemins.fr\/index.php?rest_route=\/wp\/v2\/pages"}],"about":[{"href":"http:\/\/veterinaire7chemins.fr\/index.php?rest_route=\/wp\/v2\/types\/page"}],"author":[{"embeddable":true,"href":"http:\/\/veterinaire7chemins.fr\/index.php?rest_route=\/wp\/v2\/users\/1"}],"replies":[{"embeddable":true,"href":"http:\/\/veterinaire7chemins.fr\/index.php?rest_route=%2Fwp%2Fv2%2Fcomments&post=25405"}],"version-history":[{"count":11,"href":"http:\/\/veterinaire7chemins.fr\/index.php?rest_route=\/wp\/v2\/pages\/25405\/revisions"}],"predecessor-version":[{"id":26023,"href":"http:\/\/veterinaire7chemins.fr\/index.php?rest_route=\/wp\/v2\/pages\/25405\/revisions\/26023"}],"wp:attachment":[{"href":"http:\/\/veterinaire7chemins.fr\/index.php?rest_route=%2Fwp%2Fv2%2Fmedia&parent=25405"}],"curies":[{"name":"wp","href":"https:\/\/api.w.org\/{rel}","templated":true}]}}