{"id":25856,"date":"2022-03-28T08:46:51","date_gmt":"2022-03-28T08:46:51","guid":{"rendered":"http:\/\/veterinaire7chemins.fr\/?page_id=25856"},"modified":"2023-11-13T15:34:47","modified_gmt":"2023-11-13T15:34:47","slug":"nos-competences","status":"publish","type":"page","link":"http:\/\/veterinaire7chemins.fr\/?page_id=25856","title":{"rendered":"Nos comp\u00e9tences"},"content":{"rendered":"\n<p>Nous exer\u00e7ons la m\u00e9decine et la chirurgie des animaux de compagnie, chien et chat ainsi que des Nacs (lapins, cobayes, hamsters&#8230;) <\/p>\n\n\n\n<p>Nos locaux, r\u00e9nov\u00e9s en 2015, nous permettent d&rsquo;hospitaliser vos animaux si besoin et r\u00e9aliser sur place la grande partie des examens biologiques et d&rsquo;imagerie m\u00e9dicale gr\u00e2ce \u00e0 un \u00e9quipement neuf et performant (laboratoire d&rsquo;analyse complet, radiographie num\u00e9rique, \u00e9chographe doppler, anesth\u00e9sie gazeuse).<\/p>\n\n\n\n<div class=\"wp-block-group\"><div class=\"wp-block-group__inner-container is-layout-flow wp-block-group-is-layout-flow\">\n<figure class=\"wp-block-image size-full is-resized\"><img data-recalc-dims=\"1\" loading=\"lazy\" decoding=\"async\" width=\"800\" height=\"533\" src=\"https:\/\/i0.wp.com\/veterinaire7chemins.fr\/wp-content\/uploads\/2022\/03\/IMG_8332.jpg?resize=800%2C533\" alt=\"\" class=\"wp-image-25931\" style=\"width:358px;height:239px\" srcset=\"https:\/\/i0.wp.com\/veterinaire7chemins.fr\/wp-content\/uploads\/2022\/03\/IMG_8332.jpg?w=800 800w, https:\/\/i0.wp.com\/veterinaire7chemins.fr\/wp-content\/uploads\/2022\/03\/IMG_8332.jpg?resize=300%2C200 300w, https:\/\/i0.wp.com\/veterinaire7chemins.fr\/wp-content\/uploads\/2022\/03\/IMG_8332.jpg?resize=768%2C512 768w\" sizes=\"auto, (max-width: 800px) 100vw, 800px\" \/><\/figure>\n\n\n\n<figure class=\"wp-block-image size-full is-resized\"><img data-recalc-dims=\"1\" loading=\"lazy\" decoding=\"async\" width=\"800\" height=\"533\" src=\"https:\/\/i0.wp.com\/veterinaire7chemins.fr\/wp-content\/uploads\/2022\/03\/IMG_8360.jpg?resize=800%2C533\" alt=\"\" class=\"wp-image-25932\" style=\"width:362px;height:241px\" srcset=\"https:\/\/i0.wp.com\/veterinaire7chemins.fr\/wp-content\/uploads\/2022\/03\/IMG_8360.jpg?w=800 800w, https:\/\/i0.wp.com\/veterinaire7chemins.fr\/wp-content\/uploads\/2022\/03\/IMG_8360.jpg?resize=300%2C200 300w, https:\/\/i0.wp.com\/veterinaire7chemins.fr\/wp-content\/uploads\/2022\/03\/IMG_8360.jpg?resize=768%2C512 768w\" sizes=\"auto, (max-width: 800px) 100vw, 800px\" \/><\/figure>\n\n\n\n<figure class=\"wp-block-image size-full is-resized\"><img data-recalc-dims=\"1\" loading=\"lazy\" decoding=\"async\" width=\"533\" height=\"800\" src=\"https:\/\/i0.wp.com\/veterinaire7chemins.fr\/wp-content\/uploads\/2022\/03\/IMG_8368.jpg?resize=533%2C800\" alt=\"\" class=\"wp-image-25934\" style=\"width:210px;height:315px\" srcset=\"https:\/\/i0.wp.com\/veterinaire7chemins.fr\/wp-content\/uploads\/2022\/03\/IMG_8368.jpg?w=533 533w, https:\/\/i0.wp.com\/veterinaire7chemins.fr\/wp-content\/uploads\/2022\/03\/IMG_8368.jpg?resize=200%2C300 200w\" sizes=\"auto, (max-width: 533px) 100vw, 533px\" \/><\/figure>\n<\/div><\/div>\n\n\n\n<p>Lorsqu&rsquo;il est n\u00e9cessaire de r\u00e9aliser des examens ou des interventions qui ne sont pas dans nos domaines de comp\u00e9tences, nous vous renverrons vers une structure adapt\u00e9e. <\/p>\n\n\n\n<p>Depuis 2023, le Dr BAGUR, suite \u00e0 la r\u00e9ussite de sa formation d&rsquo;Ost\u00e9opathie, r\u00e9alise des consultations d&rsquo;Ost\u00e9opathie sur rendez-vous \u00e0 la clinique pour prendre en charge des pathologies diverses (articulaires, digestives, de croissance&#8230;) ou juste pour un petit check-up! N&rsquo;h\u00e9sitez pas \u00e0 demander des renseignements \u00e0 l&rsquo;accueil.<\/p>\n\n\n\n<figure class=\"wp-block-image size-thumbnail\"><img data-recalc-dims=\"1\" loading=\"lazy\" decoding=\"async\" width=\"150\" height=\"150\" src=\"https:\/\/i0.wp.com\/veterinaire7chemins.fr\/wp-content\/uploads\/2023\/11\/%C2%A9quasarphoto.jpg?resize=150%2C150\" alt=\"\" class=\"wp-image-26035\" srcset=\"https:\/\/i0.wp.com\/veterinaire7chemins.fr\/wp-content\/uploads\/2023\/11\/%C2%A9quasarphoto.jpg?resize=150%2C150 150w, https:\/\/i0.wp.com\/veterinaire7chemins.fr\/wp-content\/uploads\/2023\/11\/%C2%A9quasarphoto.jpg?zoom=2&amp;resize=150%2C150 300w, https:\/\/i0.wp.com\/veterinaire7chemins.fr\/wp-content\/uploads\/2023\/11\/%C2%A9quasarphoto.jpg?zoom=3&amp;resize=150%2C150 450w\" sizes=\"auto, (max-width: 150px) 100vw, 150px\" \/><\/figure>\n\n\n\n<p>Enfin, nous pouvons r\u00e9aliser des consultations de di\u00e9t\u00e9tique canine et f\u00e9line, gr\u00e2ce \u00e0 la formation (C.E.S. de nutrition canine et f\u00e9line) r\u00e9alis\u00e9e par le Dr VENEL en 2010. Nous pourrons donc vous conseiller au mieux pour l&rsquo;alimentation et m\u00eame r\u00e9aliser des rations m\u00e9nag\u00e8res sur mesure pour vos animaux si vous le souhaitez. <\/p>\n\n\n\n<figure class=\"wp-block-image size-full\"><img data-recalc-dims=\"1\" loading=\"lazy\" decoding=\"async\" width=\"275\" height=\"183\" src=\"https:\/\/i0.wp.com\/veterinaire7chemins.fr\/wp-content\/uploads\/2022\/01\/images.jpg?resize=275%2C183\" alt=\"\" class=\"wp-image-25889\"\/><\/figure>\n\n\n\n<p>Nous disposons d&rsquo;une pharmacie o\u00f9 vous pourrez venir r\u00e9cup\u00e9rer les m\u00e9dicaments et traitements des animaux que nous soignons dans le respect de la <a href=\"https:\/\/www.veterinaire.fr\/fiches-pratiques\/fiches-pratiques-grand-public\/la-prescription-et-la-delivrance-du-medicament-veterinaire.html\" target=\"_blank\" rel=\"noreferrer noopener\" title=\"https:\/\/www.veterinaire.fr\/fiches-pratiques\/fiches-pratiques-grand-public\/la-prescription-et-la-delivrance-du-medicament-veterinaire.html\">loi de prescription et d\u00e9livrance des m\u00e9dicaments v\u00e9t\u00e9rinaires<\/a>. <\/p>\n","protected":false},"excerpt":{"rendered":"<p>Nous exer\u00e7ons la m\u00e9decine et la chirurgie des animaux de compagnie, chien et chat ainsi que des Nacs (lapins, cobayes, hamsters&#8230;) Nos locaux, r\u00e9nov\u00e9s en 2015, nous permettent d&rsquo;hospitaliser vos animaux si besoin et r\u00e9aliser sur place la grande partie des examens biologiques et d&rsquo;imagerie m\u00e9dicale gr\u00e2ce \u00e0 un \u00e9quipement neuf et performant (laboratoire d&rsquo;analyse [&hellip;]<\/p>\n","protected":false},"author":1,"featured_media":0,"parent":0,"menu_order":0,"comment_status":"closed","ping_status":"closed","template":"","meta":{"om_disable_all_campaigns":false,"_monsterinsights_skip_tracking":false,"_monsterinsights_sitenote_active":false,"_monsterinsights_sitenote_note":"","_monsterinsights_sitenote_category":0,"footnotes":""},"class_list":["post-25856","page","type-page","status-publish","hentry"],"aioseo_notices":[],"jetpack_sharing_enabled":true,"_links":{"self":[{"href":"http:\/\/veterinaire7chemins.fr\/index.php?rest_route=\/wp\/v2\/pages\/25856","targetHints":{"allow":["GET"]}}],"collection":[{"href":"http:\/\/veterinaire7chemins.fr\/index.php?rest_route=\/wp\/v2\/pages"}],"about":[{"href":"http:\/\/veterinaire7chemins.fr\/index.php?rest_route=\/wp\/v2\/types\/page"}],"author":[{"embeddable":true,"href":"http:\/\/veterinaire7chemins.fr\/index.php?rest_route=\/wp\/v2\/users\/1"}],"replies":[{"embeddable":true,"href":"http:\/\/veterinaire7chemins.fr\/index.php?rest_route=%2Fwp%2Fv2%2Fcomments&post=25856"}],"version-history":[{"count":8,"href":"http:\/\/veterinaire7chemins.fr\/index.php?rest_route=\/wp\/v2\/pages\/25856\/revisions"}],"predecessor-version":[{"id":26036,"href":"http:\/\/veterinaire7chemins.fr\/index.php?rest_route=\/wp\/v2\/pages\/25856\/revisions\/26036"}],"wp:attachment":[{"href":"http:\/\/veterinaire7chemins.fr\/index.php?rest_route=%2Fwp%2Fv2%2Fmedia&parent=25856"}],"curies":[{"name":"wp","href":"https:\/\/api.w.org\/{rel}","templated":true}]}}