{"id":25862,"date":"2022-03-28T08:46:10","date_gmt":"2022-03-28T08:46:10","guid":{"rendered":"http:\/\/veterinaire7chemins.fr\/?page_id=25862"},"modified":"2023-03-22T10:40:02","modified_gmt":"2023-03-22T10:40:02","slug":"informations","status":"publish","type":"page","link":"http:\/\/veterinaire7chemins.fr\/?page_id=25862","title":{"rendered":"Informations"},"content":{"rendered":"\n<p>Retrouver les sites utiles pour vos animaux :<\/p>\n\n\n\n<p>Pour les formalit\u00e9s pour les voyages : <a href=\"https:\/\/www.anivetvoyage.com\/\" target=\"_blank\" rel=\"noreferrer noopener\" title=\"https:\/\/www.anivetvoyage.com\/\">Anivet voyage<\/a> <\/p>\n\n\n\n<p>Pour les intoxications : <a href=\"http:\/\/www.vetagro-sup.fr\/centre-national-dinformations-toxicologiques-veterinaires-cnitv\/\" target=\"_blank\" rel=\"noreferrer noopener\" title=\"http:\/\/www.vetagro-sup.fr\/centre-national-dinformations-toxicologiques-veterinaires-cnitv\/\">CNITV<\/a> ( 04 78 87 10 40)<\/p>\n\n\n\n<p>Pour les examens ou consultations sp\u00e9cialis\u00e9es (sur envoi de notre part via formulaire) : <a href=\"https:\/\/www.onlyvet.fr\/\" target=\"_blank\" rel=\"noreferrer noopener\" title=\"https:\/\/www.onlyvet.fr\/\">ONLYVET<\/a> <\/p>\n\n\n\n<p>Site du fichier national d&rsquo;identification : <a href=\"https:\/\/www.i-cad.fr\/\" target=\"_blank\" rel=\"noreferrer noopener\" title=\"https:\/\/www.i-cad.fr\/\">I-CAD<\/a><\/p>\n\n\n\n<p>Pour signaler les animaux perdus : <a href=\"https:\/\/www.petalertfrance.com\/?campaignid=10104177290&amp;adgroupid=123702728319&amp;gclid=CjwKCAiA-9uNBhBTEiwAN3IlNDCGACkrPrv4tnNdD1HZAl9aFTXL7Pzk5E7GSfgLdNS1oya4XtOGNBoCO_IQAvD_BwE\" target=\"_blank\" rel=\"noreferrer noopener\" title=\"https:\/\/www.petalertfrance.com\/?campaignid=10104177290&amp;adgroupid=123702728319&amp;gclid=CjwKCAiA-9uNBhBTEiwAN3IlNDCGACkrPrv4tnNdD1HZAl9aFTXL7Pzk5E7GSfgLdNS1oya4XtOGNBoCO_IQAvD_BwE\">PetAlert <\/a><\/p>\n\n\n\n<p><\/p>\n\n\n\n<p>Retrouvez nos conditions g\u00e9n\u00e9rales de fonctionnement <a href=\"http:\/\/veterinaire7chemins.fr\/?page_id=3\" title=\"\">ici<\/a><\/p>\n","protected":false},"excerpt":{"rendered":"<p>Retrouver les sites utiles pour vos animaux : Pour les formalit\u00e9s pour les voyages : Anivet voyage Pour les intoxications : CNITV ( 04 78 87 10 40) Pour les examens ou consultations sp\u00e9cialis\u00e9es (sur envoi de notre part via formulaire) : ONLYVET Site du fichier national d&rsquo;identification : I-CAD Pour signaler les animaux perdus [&hellip;]<\/p>\n","protected":false},"author":1,"featured_media":0,"parent":0,"menu_order":0,"comment_status":"closed","ping_status":"closed","template":"","meta":{"om_disable_all_campaigns":false,"_monsterinsights_skip_tracking":false,"_monsterinsights_sitenote_active":false,"_monsterinsights_sitenote_note":"","_monsterinsights_sitenote_category":0,"footnotes":""},"class_list":["post-25862","page","type-page","status-publish","hentry"],"aioseo_notices":[],"jetpack_sharing_enabled":true,"_links":{"self":[{"href":"http:\/\/veterinaire7chemins.fr\/index.php?rest_route=\/wp\/v2\/pages\/25862","targetHints":{"allow":["GET"]}}],"collection":[{"href":"http:\/\/veterinaire7chemins.fr\/index.php?rest_route=\/wp\/v2\/pages"}],"about":[{"href":"http:\/\/veterinaire7chemins.fr\/index.php?rest_route=\/wp\/v2\/types\/page"}],"author":[{"embeddable":true,"href":"http:\/\/veterinaire7chemins.fr\/index.php?rest_route=\/wp\/v2\/users\/1"}],"replies":[{"embeddable":true,"href":"http:\/\/veterinaire7chemins.fr\/index.php?rest_route=%2Fwp%2Fv2%2Fcomments&post=25862"}],"version-history":[{"count":2,"href":"http:\/\/veterinaire7chemins.fr\/index.php?rest_route=\/wp\/v2\/pages\/25862\/revisions"}],"predecessor-version":[{"id":25999,"href":"http:\/\/veterinaire7chemins.fr\/index.php?rest_route=\/wp\/v2\/pages\/25862\/revisions\/25999"}],"wp:attachment":[{"href":"http:\/\/veterinaire7chemins.fr\/index.php?rest_route=%2Fwp%2Fv2%2Fmedia&parent=25862"}],"curies":[{"name":"wp","href":"https:\/\/api.w.org\/{rel}","templated":true}]}}