{"id":3,"date":"2021-11-26T12:11:57","date_gmt":"2021-11-26T12:11:57","guid":{"rendered":"http:\/\/veterinaire7chemins.fr\/?page_id=3"},"modified":"2025-04-23T14:03:14","modified_gmt":"2025-04-23T14:03:14","slug":"privacy-policy","status":"publish","type":"page","link":"http:\/\/veterinaire7chemins.fr\/?page_id=3","title":{"rendered":"\u200bConditions g\u00e9n\u00e9rales de fonctionnement"},"content":{"rendered":"\n<h1 class=\"wp-block-heading\">\u200b\u00ab&nbsp;CLINIQUE VETERINAIRE DES 7 CHEMINS<\/h1>\n\n\n\n<h1 class=\"wp-block-heading\">\u200b3 AVENUE DU GENERAL BROSSET LIEU DIT LES 7 CHEMINS<\/h1>\n\n\n\n<h1 class=\"wp-block-heading\">\u200b69390 VOURLES&nbsp;\u00bb<\/h1>\n\n\n\n<p>Les conditions g\u00e9n\u00e9rales de fonctionnement sont consultables sur demande au sein de la clinique et sur le site internet rubrique \u00ab&nbsp;CGF&nbsp;\u00bb.<\/p>\n\n\n\n<p>Tout acte effectu\u00e9 au sein de l&rsquo;\u00e9tablissement est soumis aux pr\u00e9sentes conditions g\u00e9n\u00e9rales de fonctionnement.<\/p>\n\n\n\n<h2 class=\"wp-block-heading\">\u200b<strong>Mentions obligatoires<\/strong><\/h2>\n\n\n\n<h3 class=\"wp-block-heading\">\u200bAppellation de l&rsquo;\u00e9tablissement de soins et esp\u00e8ces habituellement et occasionnellement trait\u00e9es<br><br><\/h3>\n\n\n\n<p>Notre \u00e9tablissement de soins est class\u00e9 \u00ab&nbsp;clinique v\u00e9t\u00e9rinaire pour animaux de compagnie&nbsp;\u00bb conform\u00e9ment \u00e0 l\u2019arr\u00eat\u00e9 du 13 mars 2015 relatif aux \u00e9tablissements de soins et aux cahiers des charges publi\u00e9 sur le site de l&rsquo;Ordre des v\u00e9t\u00e9rinaires.<\/p>\n\n\n\n<p>Les soins ont lieu au&nbsp;:<\/p>\n\n\n\n<p>3 avenue du g\u00e9n\u00e9ral Brosset<\/p>\n\n\n\n<p>Lieu-dit les 7 chemins<\/p>\n\n\n\n<p>69390 VOURLES<\/p>\n\n\n\n<p>Tel&nbsp;: 0478825679<\/p>\n\n\n\n<p>Contact mail&nbsp;: veterinaire7chemins@gmail.com<\/p>\n\n\n\n<p>Num\u00e9ro SIREN : 811338250<\/p>\n\n\n\n<p>TVA : FR67811338250<\/p>\n\n\n\n<h3 class=\"wp-block-heading\">\u200bSoci\u00e9t\u00e9s d\u2019exercice et r\u00e9seaux professionnels&nbsp;<\/h3>\n\n\n\n<p>La soci\u00e9t\u00e9 est constitu\u00e9e en une SELARL  compos\u00e9e de 2 associ\u00e9es&nbsp;: le Dr C\u00e9line BAGUR (num\u00e9ro d&rsquo;ordre 22081) et le Dr Laetitia VENEL (num\u00e9ro d&rsquo;ordre 22163), v\u00e9t\u00e9rinaires.<\/p>\n\n\n\n<h3 class=\"wp-block-heading\">\u200bHoraires d&rsquo;ouverture habituels et conditions d&rsquo;accueil du public<\/h3>\n\n\n\n<p>La clinique est ouverte du lundi au vendredi de 8h \u00e0 12h et de 13h30 \u00e0 19h, et le samedi de 8h30 \u00e0 13h30 \u00e0 partir du 3 Mai 2025.<\/p>\n\n\n\n<p>Les consultations ont lieu :<\/p>\n\n\n\n<ul class=\"wp-block-list\">\n<li>sans rendez-vous de 8h \u00e0 9h30 du lundi au vendredi.<\/li>\n\n\n\n<li>sur rendez-vous de 9h30 \u00e0 12h et de 15h \u00e0 19h du lundi au vendredi et le samedi de 8h30 \u00e0 13h30 .<\/li>\n<\/ul>\n\n\n\n<h3 class=\"wp-block-heading\">\u200bPersonnel affect\u00e9 aux soins des animaux<\/h3>\n\n\n\n<p>Personnel v\u00e9t\u00e9rinaire&nbsp;:<\/p>\n\n\n\n<ul class=\"wp-block-list\">\n<li>Docteur V\u00e9t\u00e9rinaire Mme BAGUR C\u00e9line, num\u00e9ro d&rsquo;ordre 22081, Ost\u00e9opathie<\/li>\n\n\n\n<li>Docteur V\u00e9t\u00e9rinaire Mme VENEL Laetitia, num\u00e9ro d&rsquo;ordre 22163, CES de nutrition canine et f\u00e9line<\/li>\n\n\n\n<li>Docteur V\u00e9t\u00e9rinaire Mme SAGOT C\u00e9cile, num\u00e9ro d\u2019ordre 29501<\/li>\n\n\n\n<li>Docteur V\u00e9t\u00e9rinaire Mme TROUVAY Victoire, num\u00e9ro d&rsquo;ordre 33870<\/li>\n<\/ul>\n\n\n\n<p>Personnel non v\u00e9t\u00e9rinaire&nbsp;:<\/p>\n\n\n\n<ul class=\"wp-block-list\">\n<li>Assistante v\u00e9t\u00e9rinaire Jane, ASV temps plein<\/li>\n\n\n\n<li>Assistante v\u00e9t\u00e9rinaire C\u00e9lina , en formation (GIPSA)<\/li>\n<\/ul>\n\n\n\n<h3 class=\"wp-block-heading\">\u200bPrestations effectu\u00e9es au sein de l\u2019ETABLISSEMENT DE SOINS<\/h3>\n\n\n\n<ul class=\"wp-block-list\">\n<li>consultations de m\u00e9decine g\u00e9n\u00e9rale<\/li>\n\n\n\n<li>vaccinations<\/li>\n\n\n\n<li>chirurgies de convenance<\/li>\n\n\n\n<li>chirurgies gyn\u00e9cologiques<\/li>\n\n\n\n<li>chirurgies des tissus mous<\/li>\n\n\n\n<li>dentisterie<\/li>\n\n\n\n<li>analyses sanguines&nbsp;:\n<ul class=\"wp-block-list\">\n<li>effectu\u00e9 par nos soins via le mat\u00e9riel suivant&nbsp;: ProCyte Dx, Catalyst One, SnapShot Reader (IDEXX), microscope, Coag Dx<\/li>\n\n\n\n<li>effectu\u00e9 le cas \u00e9ch\u00e9ant par un laboratoire ext\u00e9rieur&nbsp;: histologie, cytologie, s\u00e9rologies\u2026 (CerbaVet, Orbio, Idexx, VetDiagnostic&#8230;)<\/li>\n<\/ul>\n<\/li>\n\n\n\n<li>imagerie m\u00e9dicale\n<ul class=\"wp-block-list\">\n<li>radiographie num\u00e9rique (G\u00e9n\u00e9rateur GeR, num\u00e9riseur ARIA)<\/li>\n\n\n\n<li>\u00e9chographie (appareil Samsung HS50))<\/li>\n<\/ul>\n<\/li>\n\n\n\n<li>chirurgie orthop\u00e9dique par l&rsquo;intervention d&rsquo;un intervenant ext\u00e9rieur (docteur v\u00e9t\u00e9rinaire sp\u00e9cialis\u00e9 en chirurgie) sur accord des propri\u00e9taires de l&rsquo;animal, etc.).<\/li>\n\n\n\n<li>Anesth\u00e9sies g\u00e9n\u00e9rales (le protocole est d\u00e9fini en fonction de l&rsquo;\u00e2ge et de l&rsquo;\u00e9tat de sant\u00e9 de l&rsquo;animal)<\/li>\n\n\n\n<li>D\u00e9livrance de m\u00e9dicaments conform\u00e9ment \u00e0 la r\u00e9glementation en vigueur<\/li>\n\n\n\n<li>Vente de produits d&rsquo;hygi\u00e8ne et d&rsquo;aliments di\u00e9t\u00e9tiques et physiologiques v\u00e9t\u00e9rinaires<\/li>\n\n\n\n<li>Boutique en ligne pour l\u2019alimentation&nbsp;: ClubVetShop (https:\/\/www.clubvetshop.fr\/)<\/li>\n<\/ul>\n\n\n\n<h3 class=\"wp-block-heading\">\u200bSurveillance des animaux hospitalis\u00e9s<\/h3>\n\n\n\n<p>La surveillance des animaux hospitalis\u00e9s est r\u00e9alis\u00e9e la journ\u00e9e r\u00e9guli\u00e8rement. Le week-end, des passages r\u00e9guliers sont effectu\u00e9s pour s&rsquo;assurer de la continuit\u00e9 des soins et du bien-\u00eatre des animaux hospitalis\u00e9s.<\/p>\n\n\n\n<p>En cas de n\u00e9cessit\u00e9 d&rsquo;une surveillance continue, la clinique peut \u00eatre amen\u00e9e \u00e0 vous proposer de transf\u00e9rer votre animal dans des structures sp\u00e9cialis\u00e9es en soins intensifs. Le transfert est effectu\u00e9 par vos soins.<\/p>\n\n\n\n<h3 class=\"wp-block-heading\">\u200bPermanence et continuit\u00e9 des soins<\/h3>\n\n\n\n<p>Afin d&rsquo;assurer pendant les horaires de fermeture un suivi optimum des animaux qui nous sont confi\u00e9s, notre \u00e9tablissement a pass\u00e9 un contrat de gestion des urgences avec le service d&rsquo;urgence \u00e0 domicile ADOMVET 56 route de vienne 69007 LYON (04 72 30 40 40) ou V2TU 7 rue Jean ZAY 69800 ST PRIEST (04 27 04 00 27)<\/p>\n\n\n\n<h3 class=\"wp-block-heading\">\u200bEsp\u00e8ces trait\u00e9es<\/h3>\n\n\n\n<p>Les esp\u00e8ces habituellement ou occasionnellement trait\u00e9es dans notre \u00e9tablissement sont les suivantes&nbsp;:<\/p>\n\n\n\n<ul class=\"wp-block-list\">\n<li>chien<\/li>\n\n\n\n<li>chat<\/li>\n\n\n\n<li>furets<\/li>\n\n\n\n<li>rongeurs<\/li>\n\n\n\n<li>lagomorphes<\/li>\n\n\n\n<li>tortues (selon l&rsquo;affection)<\/li>\n<\/ul>\n\n\n\n<p>Si des soins particuliers n\u00e9cessitant des \u00e9quipements particuliers sont n\u00e9cessaires, nous pouvons \u00eatre amen\u00e9s \u00e0 r\u00e9f\u00e9rer votre animal dans une autre structure sp\u00e9cialis\u00e9e.<\/p>\n\n\n\n<p>Nous ne disposons pas du mat\u00e9riel et des comp\u00e9tences n\u00e9cessaires pour assurer les soins aux esp\u00e8ces non cit\u00e9es ci-dessus notamment les \u00e9quid\u00e9s et les animaux de rente. En cas d&rsquo;urgence concernant ces esp\u00e8ces, vous pouvez vous adresser \u00e0 la Clinique V\u00e9t\u00e9rinaire de la Condamine, 2856 Passage du Bozan\u00e7on, 69440 Chabani\u00e8re, 04 77 73 75 70.<\/p>\n\n\n\n<h3 class=\"wp-block-heading\">\u200bRisque th\u00e9rapeutique, risque anesth\u00e9sique, risque li\u00e9 \u00e0 la contention, consentement \u00e9clair\u00e9 du Client<\/h3>\n\n\n\n<p>Tout traitement m\u00e9dicamenteux, toute anesth\u00e9sie, tout acte chirurgical comportent un risque th\u00e9rapeutique potentiel dont notre \u00e9quipe informera le client. Cette information se fera verbalement dans le cadre de la pratique courante ou, dans le cas d&rsquo;actes mettant en jeu le pronostic vital du patient, par \u00e9crit sous la forme d&rsquo;une autorisation de soins par consentement \u00e9clair\u00e9.<\/p>\n\n\n\n<p>Le comportement agressif d&rsquo;un animal n\u00e9cessite parfois l&rsquo;utilisation de moyens de contention pouvant occasionnellement entra\u00eener une blessure de ce dernier ou du personnel soignant. Notre \u00e9quipe informera dans ce cas le client de la n\u00e9cessit\u00e9 d&rsquo;utiliser une contention particuli\u00e8re pour des raisons de s\u00e9curit\u00e9.<\/p>\n\n\n\n<p>L&rsquo;examen de l&rsquo;animal ne sera effectu\u00e9 qu&rsquo;en cas d&rsquo;acceptation de la contention par le client.<\/p>\n\n\n\n<p>Le client d\u00e9clare avoir pris connaissance et accepter les risques th\u00e9rapeutiques et le cas \u00e9ch\u00e9ant les conditions particuli\u00e8res d&rsquo;examen sous contention \u00e9nonc\u00e9es ci-dessus.<\/p>\n\n\n\n<h3 class=\"wp-block-heading\">\u200bContrat de soins, conditions particuli\u00e8res<\/h3>\n\n\n\n<p>Toute intervention m\u00e9dicale ou chirurgicale qui fera l&rsquo;objet de conditions particuli\u00e8res non pr\u00e9cis\u00e9es ou non mentionn\u00e9es sur le pr\u00e9sent document donnera lieu \u00e0 la mise en place d&rsquo;un contrat de soins. Ce dernier apportera au client les informations n\u00e9cessaires \u00e0 l&rsquo;obtention de son consentement \u00e9clair\u00e9.<\/p>\n\n\n\n<h3 class=\"wp-block-heading\">\u200bD\u00e9c\u00e8s de l&rsquo;animal<\/h3>\n\n\n\n<p>En cas de d\u00e9c\u00e8s de l&rsquo;animal, la loi n&rsquo;autorise plus l&rsquo;inhumation des animaux domestiques dans les propri\u00e9t\u00e9s.<\/p>\n\n\n\n<p>Nous pouvons assurer par l&rsquo;interm\u00e9diaire de la soci\u00e9t\u00e9 ANIMACARE (Janneyrias), l&rsquo;incin\u00e9ration collective ou individuelle du corps. Toute demande d&rsquo;incin\u00e9ration fera l&rsquo;objet de l&rsquo;\u00e9tablissement d&rsquo;une convention \u00e9crite et sign\u00e9e par le propri\u00e9taire. Les frais d&rsquo;incin\u00e9ration sont \u00e0 la charge du client et factur\u00e9s par ANIMACARE.<\/p>\n\n\n\n<h3 class=\"wp-block-heading\">\u200bAdmission des animaux vis\u00e9s par la L\u00e9gislation sur les chiens dangereux.<\/h3>\n\n\n\n<p>Les chiens de premi\u00e8re et deuxi\u00e8me cat\u00e9gories sont accept\u00e9s dans notre \u00e9tablissement \u00e0 la condition expresse qu&rsquo;ils soient musel\u00e9s et pr\u00e9sent\u00e9s par une personne majeure.<\/p>\n\n\n\n<h3 class=\"wp-block-heading\">\u200bAdmission des animaux errants<\/h3>\n\n\n\n<p>Les frais engendr\u00e9s par la prise en charge des animaux errants (non identifi\u00e9s) sont \u00e0 la charge de la personne qui les am\u00e8nent.<\/p>\n\n\n\n<p>Aucune garde d&rsquo;un animal errant ne n\u00e9cessitant d&rsquo;hospitalisation pour raison de sant\u00e9 ne sera r\u00e9alis\u00e9e.<\/p>\n\n\n\n<p>La mairie et la police municipale sont tenus de prendre en charge les animaux trouv\u00e9s sur leur commune.<\/p>\n\n\n\n<h3 class=\"wp-block-heading\">\u200bConditions tarifaires<\/h3>\n\n\n\n<p>Les tarifs des principaux actes sont affich\u00e9s dans la salle d&rsquo;attente. Des devis sont \u00e9tablis avant les soins.<\/p>\n\n\n\n<h3 class=\"wp-block-heading\">\u200bModalit\u00e9s de R\u00e8glement<\/h3>\n\n\n\n<p>Les honoraires sont <strong>payables comptants<\/strong> en fin de consultation ou lorsque l&rsquo;animal est rendu au client apr\u00e8s hospitalisation.<\/p>\n\n\n\n<p>Un acompte pourra \u00eatre demand\u00e9 notamment lors d&rsquo;hospitalisation de l&rsquo;animal pour plusieurs jours, ou lors de soins de longue dur\u00e9e.<\/p>\n\n\n\n<p>De mani\u00e8re exceptionnelle et apr\u00e8s discussion, un paiement diff\u00e9r\u00e9 peut \u00eatre accept\u00e9 selon des modalit\u00e9s convenues entre le v\u00e9t\u00e9rinaire et le client.<\/p>\n\n\n\n<p>Une solution de paiement en plusieurs fois est mise en place via la soci\u00e9t\u00e9 ALMA&nbsp;:<\/p>\n\n\n\n<ul class=\"wp-block-list\">\n<li>Le Vendeur propose \u00e0 ses Clients le service de cr\u00e9dit d&rsquo;Alma pour le r\u00e8glement de leurs achats et l&rsquo;ex\u00e9cution du paiement. Cela est conditionn\u00e9 par l&rsquo;acceptation par le Client des CGU ou du contrat de cr\u00e9dit propos\u00e9 par Alma.<\/li>\n\n\n\n<li>Tout refus d\u2019octroi de cr\u00e9dit par Alma pour une commande pourra entra\u00eener l\u2019annulation de celle-ci.<\/li>\n\n\n\n<li>Toute r\u00e9siliation des CGV qui lient le Client et Le Vendeur&nbsp;entra\u00eene la r\u00e9siliation des CGU ou du contrat de cr\u00e9dit entre Alma et le Client.<\/li>\n\n\n\n<li>Le paiement en deux, trois ou quatre fois est disponible via notre partenaire Alma. La s\u00e9curisation des paiements est assur\u00e9e par Alma et ses prestataires. Tous les paiements sont prot\u00e9g\u00e9s par le 3D Secure.<\/li>\n\n\n\n<li><strong>Montant des achats<\/strong>&nbsp;:<br>Seuls les achats entre&nbsp;100&nbsp;et&nbsp;2000 euros&nbsp;sont \u00e9ligibles au paiement avec Alma<\/li>\n\n\n\n<li><strong>Frais :&nbsp;<\/strong>En payant en plusieurs fois avec Alma le Client s&rsquo;engage \u00e0 payer les frais suivants :\n<ul class=\"wp-block-list\">\n<li>Pour le paiement 2 fois:&nbsp;3.61%<\/li>\n\n\n\n<li>Pour le paiement 3 fois : 3.10%<\/li>\n\n\n\n<li>Pour le paiement en 4 fois : 3.55%<\/li>\n<\/ul>\n<\/li>\n\n\n\n<li>Alma est gestionnaire de t\u00e9l\u00e9-paiement et d\u00e9livre un certificat \u00e9lectronique qui vaudra preuve du montant et de la date de la transaction conform\u00e9ment aux dispositions des articles 1316 et suivants du code civil<\/li>\n\n\n\n<li><strong>R\u00e9siliation<\/strong>&nbsp;: Toute r\u00e9siliation des CGV qui lient le Vendeur et le client, entraine la r\u00e9siliation des CGU entre Alma et le client.<\/li>\n<\/ul>\n\n\n\n<p>Un avoir pourra \u00eatre \u00e9tabli en cas de restitutions d&rsquo;aliments non entam\u00e9s et achet\u00e9s depuis moins de 15 jours. Les m\u00e9dicaments non entam\u00e9s ne peuvent \u00eatre repris.<\/p>\n\n\n\n<p>Lors de paiement diff\u00e9r\u00e9, des frais de relance de 20 euros par facture et des p\u00e9nalit\u00e9s de retard calcul\u00e9es au taux l\u00e9gal de 0,04&nbsp;% par jour de retard en cas de non respect de la date de paiement convenue seront appliqu\u00e9s.<\/p>\n\n\n\n<p>Le v\u00e9t\u00e9rinaire se r\u00e9serve le droit de poursuivre le d\u00e9biteur en cas de non-paiement par voie d&rsquo;huissier et proc\u00e9dure au greffe du tribunal de commerce (frais de 100 euros \u00e0 la charge du d\u00e9biteur).<\/p>\n\n\n\n<p>En cas d\u2019impay\u00e9, la clinique se r\u00e9serve le droit de proc\u00e9der \u00e0 la demande d\u2019une rupture de contrat de soins.<\/p>\n\n\n\n<h3 class=\"wp-block-heading\">\u200bLitiges<\/h3>\n\n\n\n<p>En cas de litige \u00e0 caract\u00e8re d\u00e9ontologique, le client peut s&rsquo;adresser au CROV \u00e0 l&rsquo;adresse suivante&nbsp;: 10 Avenue Barth\u00e9l\u00e9my Buyer 69009 LYON et par t\u00e9l\u00e9phone au&nbsp;: 04 72 57 16 65 ou au m\u00e9diateur de la consommation&nbsp;: <a href=\"mailto:mediateur-conso@veterinaire.fr\">mediateur-conso@veterinaire.fr<\/a><\/p>\n\n\n\n<h3 class=\"wp-block-heading\">\u200bRCP<\/h3>\n\n\n\n<p>Nous avons souscrit \u00e0 une RCP au sein de la Compagnie AXA , num\u00e9ro de contrat\u00a0: 11124503104.<\/p>\n\n\n\n<h3 class=\"wp-block-heading\">\u200bLoi \u00ab&nbsp;Informatique et libert\u00e9s&nbsp;\u00bb, secret professionnel<\/h3>\n\n\n\n<p><br>Conform\u00e9ment \u00e0 la Loi \u00ab&nbsp;Informatique et Libert\u00e9s&nbsp;\u00bb du 6 janvier 1978, le client dispose d&rsquo;un droit d&rsquo;acc\u00e8s, de modification, de suppression des donn\u00e9es le concernant aupr\u00e8s des Docteurs&nbsp;BAGUR et VENEL.<\/p>\n\n\n\n<p>Tout v\u00e9t\u00e9rinaire est soumis au secret professionnel, aucune information recueillie lors de la consultation ne pourra \u00eatre divulgu\u00e9e sauf commission rogatoire selon les conditions pr\u00e9vues par la loi.<\/p>\n\n\n\n<h3 class=\"wp-block-heading\">\u200b<\/h3>\n","protected":false},"excerpt":{"rendered":"<p>\u200b\u00ab&nbsp;CLINIQUE VETERINAIRE DES 7 CHEMINS \u200b3 AVENUE DU GENERAL BROSSET LIEU DIT LES 7 CHEMINS \u200b69390 VOURLES&nbsp;\u00bb Les conditions g\u00e9n\u00e9rales de fonctionnement sont consultables sur demande au sein de la clinique et sur le site internet rubrique \u00ab&nbsp;CGF&nbsp;\u00bb. Tout acte effectu\u00e9 au sein de l&rsquo;\u00e9tablissement est soumis aux pr\u00e9sentes conditions g\u00e9n\u00e9rales de fonctionnement. \u200bMentions obligatoires [&hellip;]<\/p>\n","protected":false},"author":1,"featured_media":0,"parent":0,"menu_order":0,"comment_status":"closed","ping_status":"open","template":"","meta":{"om_disable_all_campaigns":false,"_monsterinsights_skip_tracking":false,"_monsterinsights_sitenote_active":false,"_monsterinsights_sitenote_note":"","_monsterinsights_sitenote_category":0,"footnotes":""},"class_list":["post-3","page","type-page","status-publish","hentry"],"aioseo_notices":[],"jetpack_sharing_enabled":true,"_links":{"self":[{"href":"http:\/\/veterinaire7chemins.fr\/index.php?rest_route=\/wp\/v2\/pages\/3","targetHints":{"allow":["GET"]}}],"collection":[{"href":"http:\/\/veterinaire7chemins.fr\/index.php?rest_route=\/wp\/v2\/pages"}],"about":[{"href":"http:\/\/veterinaire7chemins.fr\/index.php?rest_route=\/wp\/v2\/types\/page"}],"author":[{"embeddable":true,"href":"http:\/\/veterinaire7chemins.fr\/index.php?rest_route=\/wp\/v2\/users\/1"}],"replies":[{"embeddable":true,"href":"http:\/\/veterinaire7chemins.fr\/index.php?rest_route=%2Fwp%2Fv2%2Fcomments&post=3"}],"version-history":[{"count":7,"href":"http:\/\/veterinaire7chemins.fr\/index.php?rest_route=\/wp\/v2\/pages\/3\/revisions"}],"predecessor-version":[{"id":26048,"href":"http:\/\/veterinaire7chemins.fr\/index.php?rest_route=\/wp\/v2\/pages\/3\/revisions\/26048"}],"wp:attachment":[{"href":"http:\/\/veterinaire7chemins.fr\/index.php?rest_route=%2Fwp%2Fv2%2Fmedia&parent=3"}],"curies":[{"name":"wp","href":"https:\/\/api.w.org\/{rel}","templated":true}]}}